{"id":1342,"date":"2026-02-24T12:47:34","date_gmt":"2026-02-24T12:47:34","guid":{"rendered":"https:\/\/arrabidasv.com\/?page_id=1342"},"modified":"2026-03-10T11:03:23","modified_gmt":"2026-03-10T11:03:23","slug":"faqs","status":"publish","type":"page","link":"https:\/\/arrabidaseaventures.com\/en\/faqs\/","title":{"rendered":"FAQs"},"content":{"rendered":"<style>.elementor-1342 .elementor-element.elementor-element-683936b6{--display:flex;--min-height:280px;--justify-content:flex-end;--overlay-opacity:0.5;--padding-top:96px;--padding-bottom:96px;--padding-left:0px;--padding-right:0px;}.elementor-1342 .elementor-element.elementor-element-683936b6:not(.elementor-motion-effects-element-type-background), .elementor-1342 .elementor-element.elementor-element-683936b6 > .elementor-motion-effects-container > .elementor-motion-effects-layer{background-image:url(\"https:\/\/arrabidaseaventures.com\/wp-content\/uploads\/2026\/01\/views-from-yacht-flybridge-open-deck-on-the-calm-se-XX35J6W-2.jpg\");background-position:center center;background-repeat:no-repeat;background-size:cover;}.elementor-1342 .elementor-element.elementor-element-683936b6::before, .elementor-1342 .elementor-element.elementor-element-683936b6 > .elementor-background-video-container::before, .elementor-1342 .elementor-element.elementor-element-683936b6 > .e-con-inner > .elementor-background-video-container::before, .elementor-1342 .elementor-element.elementor-element-683936b6 > .elementor-background-slideshow::before, .elementor-1342 .elementor-element.elementor-element-683936b6 > .e-con-inner > .elementor-background-slideshow::before, .elementor-1342 .elementor-element.elementor-element-683936b6 > .elementor-motion-effects-container > .elementor-motion-effects-layer::before{--background-overlay:'';background-color:var( --e-global-color-4dec469 );}.elementor-1342 .elementor-element.elementor-element-49d1c096{--display:flex;}.elementor-1342 .elementor-element.elementor-element-5978879f{--display:flex;--padding-top:0px;--padding-bottom:0px;--padding-left:0px;--padding-right:0px;}.elementor-1342 .elementor-element.elementor-element-637d87a4 .section-main-title{text-align:left;font-family:\"Marcellus\", Sans-serif;font-size:56px;font-weight:400;text-transform:none;text-decoration:none;line-height:66px;}.elementor-1342 .elementor-element.elementor-element-637d87a4 .section-main-title,.elementor-1342 .elementor-element.elementor-element-637d87a4 .section-main-title a{color:var( --e-global-color-0011b44 );}.elementor-1342 .elementor-element.elementor-element-7817ead8{--display:flex;--padding-top:96px;--padding-bottom:96px;--padding-left:0px;--padding-right:0px;}.elementor-1342 .elementor-element.elementor-element-1e835ae2{--display:flex;--flex-direction:column;--container-widget-width:100%;--container-widget-height:initial;--container-widget-flex-grow:0;--container-widget-align-self:initial;--flex-wrap-mobile:wrap;--justify-content:space-between;--gap:48px 48px;--row-gap:48px;--column-gap:48px;}.elementor-1342 .elementor-element.elementor-element-5ee5875{--display:flex;--flex-direction:column;--container-widget-width:calc( ( 1 - var( --container-widget-flex-grow ) ) * 100% );--container-widget-height:initial;--container-widget-flex-grow:0;--container-widget-align-self:initial;--flex-wrap-mobile:wrap;--justify-content:center;--align-items:center;--padding-top:0px;--padding-bottom:0px;--padding-left:0px;--padding-right:0px;}.elementor-1342 .elementor-element.elementor-element-6812ae70{text-align:start;}.elementor-1342 .elementor-element.elementor-element-6812ae70 .elementor-heading-title{font-family:var( --e-global-typography-accent-font-family ), Sans-serif;font-size:var( --e-global-typography-accent-font-size );font-weight:var( --e-global-typography-accent-font-weight );text-transform:var( --e-global-typography-accent-text-transform );text-decoration:var( --e-global-typography-accent-text-decoration );line-height:var( --e-global-typography-accent-line-height );letter-spacing:var( --e-global-typography-accent-letter-spacing );color:var( --e-global-color-primary );}.elementor-1342 .elementor-element.elementor-element-5a2f817{text-align:start;}.elementor-1342 .elementor-element.elementor-element-5a2f817 .elementor-heading-title{font-family:var( --e-global-typography-secondary-font-family ), Sans-serif;font-size:var( --e-global-typography-secondary-font-size );font-weight:var( --e-global-typography-secondary-font-weight );text-transform:var( --e-global-typography-secondary-text-transform );text-decoration:var( --e-global-typography-secondary-text-decoration );line-height:var( --e-global-typography-secondary-line-height );color:var( --e-global-color-6c2c1ee );}.elementor-1342 .elementor-element.elementor-element-6070bd86{--display:flex;--flex-direction:row;--container-widget-width:initial;--container-widget-height:100%;--container-widget-flex-grow:1;--container-widget-align-self:stretch;--flex-wrap-mobile:wrap;--justify-content:space-between;--gap:32px 32px;--row-gap:32px;--column-gap:32px;--padding-top:0px;--padding-bottom:0px;--padding-left:0px;--padding-right:0px;}.elementor-1342 .elementor-element.elementor-element-3beab7a0{--display:flex;}.elementor-1342 .elementor-element.elementor-element-803b0e{--display:flex;}.elementor-1342 .elementor-element.elementor-element-53e4f9f9{--n-accordion-title-justify-content:space-between;--n-accordion-title-flex-grow:1;--n-accordion-title-icon-order:initial;--n-accordion-title-font-size:var( --e-global-typography-cd00dbf-font-size );--n-accordion-item-title-space-between:12px;--n-accordion-item-title-distance-from-content:0px;--n-accordion-title-normal-color:var( --e-global-color-6c2c1ee );--n-accordion-title-hover-color:var( --e-global-color-primary );--n-accordion-title-active-color:var( --e-global-color-f00f660 );--n-accordion-icon-size:20px;--n-accordion-icon-normal-color:var( --e-global-color-6c2c1ee );--n-accordion-icon-hover-color:var( --e-global-color-primary );--n-accordion-icon-active-color:var( --e-global-color-f00f660 );}.elementor-1342 .elementor-element.elementor-element-53e4f9f9 > .e-n-accordion > .e-n-accordion-item > .e-n-accordion-item-title{background-color:var( --e-global-color-f0369df );border-style:none;}.elementor-1342 .elementor-element.elementor-element-53e4f9f9 > .e-n-accordion > .e-n-accordion-item > .e-n-accordion-item-title:hover{border-style:none;}.elementor-1342 .elementor-element.elementor-element-53e4f9f9 {--n-accordion-padding:20px 20px 20px 20px;}:where( .elementor-1342 .elementor-element.elementor-element-53e4f9f9 > .e-n-accordion > .e-n-accordion-item > .e-n-accordion-item-title > .e-n-accordion-item-title-header ) > .e-n-accordion-item-title-text{font-family:var( --e-global-typography-cd00dbf-font-family ), Sans-serif;font-weight:var( --e-global-typography-cd00dbf-font-weight );text-transform:var( --e-global-typography-cd00dbf-text-transform );text-decoration:var( --e-global-typography-cd00dbf-text-decoration );line-height:var( --e-global-typography-cd00dbf-line-height );letter-spacing:var( --e-global-typography-cd00dbf-letter-spacing );word-spacing:var( --e-global-typography-cd00dbf-word-spacing );}:where( .elementor-1342 .elementor-element.elementor-element-53e4f9f9 > .e-n-accordion > .e-n-accordion-item ) > .e-con{background-color:var( --e-global-color-f0369df );border-style:none;--padding-top:0px;--padding-right:20px;--padding-bottom:20px;--padding-left:20px;}.elementor-1342 .elementor-element.elementor-element-5b62eab{--display:flex;}.elementor-1342 .elementor-element.elementor-element-4cd0940f{--display:flex;}.elementor-1342 .elementor-element.elementor-element-3dc08f01{--n-accordion-title-justify-content:space-between;--n-accordion-title-flex-grow:1;--n-accordion-title-icon-order:initial;--n-accordion-title-font-size:var( --e-global-typography-cd00dbf-font-size );--n-accordion-item-title-space-between:12px;--n-accordion-item-title-distance-from-content:0px;--n-accordion-title-normal-color:var( --e-global-color-6c2c1ee );--n-accordion-title-hover-color:var( --e-global-color-primary );--n-accordion-title-active-color:var( --e-global-color-f00f660 );--n-accordion-icon-size:20px;--n-accordion-icon-normal-color:var( --e-global-color-6c2c1ee );--n-accordion-icon-hover-color:var( --e-global-color-primary );--n-accordion-icon-active-color:var( --e-global-color-f00f660 );}.elementor-1342 .elementor-element.elementor-element-3dc08f01 > .e-n-accordion > .e-n-accordion-item > .e-n-accordion-item-title{background-color:var( --e-global-color-f0369df );border-style:none;}.elementor-1342 .elementor-element.elementor-element-3dc08f01 > .e-n-accordion > .e-n-accordion-item > .e-n-accordion-item-title:hover{border-style:none;}.elementor-1342 .elementor-element.elementor-element-3dc08f01 {--n-accordion-padding:20px 20px 20px 20px;}:where( .elementor-1342 .elementor-element.elementor-element-3dc08f01 > .e-n-accordion > .e-n-accordion-item > .e-n-accordion-item-title > .e-n-accordion-item-title-header ) > .e-n-accordion-item-title-text{font-family:var( --e-global-typography-cd00dbf-font-family ), Sans-serif;font-weight:var( --e-global-typography-cd00dbf-font-weight );text-transform:var( --e-global-typography-cd00dbf-text-transform );text-decoration:var( --e-global-typography-cd00dbf-text-decoration );line-height:var( --e-global-typography-cd00dbf-line-height );letter-spacing:var( --e-global-typography-cd00dbf-letter-spacing );word-spacing:var( --e-global-typography-cd00dbf-word-spacing );}:where( .elementor-1342 .elementor-element.elementor-element-3dc08f01 > .e-n-accordion > .e-n-accordion-item ) > .e-con{background-color:var( --e-global-color-f0369df );border-style:none;--padding-top:0px;--padding-right:20px;--padding-bottom:20px;--padding-left:20px;}@media(max-width:1024px){.elementor-1342 .elementor-element.elementor-element-683936b6{--min-height:280px;--padding-top:56px;--padding-bottom:56px;--padding-left:0px;--padding-right:0px;}.elementor-1342 .elementor-element.elementor-element-5978879f{--justify-content:center;--align-items:center;--container-widget-width:calc( ( 1 - var( --container-widget-flex-grow ) ) * 100% );}.elementor-1342 .elementor-element.elementor-element-7817ead8{--padding-top:56px;--padding-bottom:56px;--padding-left:0px;--padding-right:0px;}.elementor-1342 .elementor-element.elementor-element-1e835ae2{--flex-direction:column;--container-widget-width:100%;--container-widget-height:initial;--container-widget-flex-grow:0;--container-widget-align-self:initial;--flex-wrap-mobile:wrap;--gap:48px 48px;--row-gap:48px;--column-gap:48px;}.elementor-1342 .elementor-element.elementor-element-5ee5875{--align-items:flex-start;--container-widget-width:calc( ( 1 - var( --container-widget-flex-grow ) ) * 100% );}.elementor-1342 .elementor-element.elementor-element-6812ae70 .elementor-heading-title{font-size:var( --e-global-typography-accent-font-size );line-height:var( --e-global-typography-accent-line-height );letter-spacing:var( --e-global-typography-accent-letter-spacing );}.elementor-1342 .elementor-element.elementor-element-5a2f817{text-align:start;}.elementor-1342 .elementor-element.elementor-element-5a2f817 .elementor-heading-title{font-size:var( --e-global-typography-secondary-font-size );line-height:var( --e-global-typography-secondary-line-height );}.elementor-1342 .elementor-element.elementor-element-6070bd86{--flex-direction:column;--container-widget-width:100%;--container-widget-height:initial;--container-widget-flex-grow:0;--container-widget-align-self:initial;--flex-wrap-mobile:wrap;--gap:12px 12px;--row-gap:12px;--column-gap:12px;}.elementor-1342 .elementor-element.elementor-element-53e4f9f9{--n-accordion-title-font-size:var( --e-global-typography-cd00dbf-font-size );}:where( .elementor-1342 .elementor-element.elementor-element-53e4f9f9 > .e-n-accordion > .e-n-accordion-item > .e-n-accordion-item-title > .e-n-accordion-item-title-header ) > .e-n-accordion-item-title-text{line-height:var( --e-global-typography-cd00dbf-line-height );letter-spacing:var( --e-global-typography-cd00dbf-letter-spacing );word-spacing:var( --e-global-typography-cd00dbf-word-spacing );}.elementor-1342 .elementor-element.elementor-element-3dc08f01{--n-accordion-title-font-size:var( --e-global-typography-cd00dbf-font-size );}:where( .elementor-1342 .elementor-element.elementor-element-3dc08f01 > .e-n-accordion > .e-n-accordion-item > .e-n-accordion-item-title > .e-n-accordion-item-title-header ) > .e-n-accordion-item-title-text{line-height:var( --e-global-typography-cd00dbf-line-height );letter-spacing:var( --e-global-typography-cd00dbf-letter-spacing );word-spacing:var( --e-global-typography-cd00dbf-word-spacing );}}@media(max-width:767px){.elementor-1342 .elementor-element.elementor-element-683936b6{--min-height:240px;--overlay-opacity:0.65;--padding-top:48px;--padding-bottom:48px;--padding-left:0px;--padding-right:0px;}.elementor-1342 .elementor-element.elementor-element-5978879f{--justify-content:center;--align-items:center;--container-widget-width:calc( ( 1 - var( --container-widget-flex-grow ) ) * 100% );--gap:16px 16px;--row-gap:16px;--column-gap:16px;}.elementor-1342 .elementor-element.elementor-element-637d87a4 .section-main-title{font-size:30px;line-height:62px;}.elementor-1342 .elementor-element.elementor-element-7817ead8{--padding-top:20px;--padding-bottom:20px;--padding-left:5px;--padding-right:5px;}.elementor-1342 .elementor-element.elementor-element-1e835ae2{--gap:32px 32px;--row-gap:32px;--column-gap:32px;}.elementor-1342 .elementor-element.elementor-element-5ee5875{--gap:0px 0px;--row-gap:0px;--column-gap:0px;}.elementor-1342 .elementor-element.elementor-element-5ee5875.e-con{--align-self:center;}.elementor-1342 .elementor-element.elementor-element-6812ae70{text-align:center;}.elementor-1342 .elementor-element.elementor-element-6812ae70 .elementor-heading-title{font-size:var( --e-global-typography-accent-font-size );line-height:var( --e-global-typography-accent-line-height );letter-spacing:var( --e-global-typography-accent-letter-spacing );}.elementor-1342 .elementor-element.elementor-element-6812ae70.elementor-element{--align-self:center;}.elementor-1342 .elementor-element.elementor-element-5a2f817{text-align:center;}.elementor-1342 .elementor-element.elementor-element-5a2f817 .elementor-heading-title{font-size:var( --e-global-typography-secondary-font-size );line-height:var( --e-global-typography-secondary-line-height );}.elementor-1342 .elementor-element.elementor-element-5a2f817.elementor-element{--align-self:center;}.elementor-1342 .elementor-element.elementor-element-53e4f9f9{--n-accordion-title-font-size:var( --e-global-typography-cd00dbf-font-size );}:where( .elementor-1342 .elementor-element.elementor-element-53e4f9f9 > .e-n-accordion > .e-n-accordion-item > .e-n-accordion-item-title > .e-n-accordion-item-title-header ) > .e-n-accordion-item-title-text{line-height:var( --e-global-typography-cd00dbf-line-height );letter-spacing:var( --e-global-typography-cd00dbf-letter-spacing );word-spacing:var( --e-global-typography-cd00dbf-word-spacing );}.elementor-1342 .elementor-element.elementor-element-3dc08f01{--n-accordion-title-font-size:var( --e-global-typography-cd00dbf-font-size );}:where( .elementor-1342 .elementor-element.elementor-element-3dc08f01 > .e-n-accordion > .e-n-accordion-item > .e-n-accordion-item-title > .e-n-accordion-item-title-header ) > .e-n-accordion-item-title-text{line-height:var( --e-global-typography-cd00dbf-line-height );letter-spacing:var( --e-global-typography-cd00dbf-letter-spacing );word-spacing:var( --e-global-typography-cd00dbf-word-spacing );}}@media(min-width:768px){.elementor-1342 .elementor-element.elementor-element-6070bd86{--width:100%;}}@media(max-width:1024px) and (min-width:768px){.elementor-1342 .elementor-element.elementor-element-6070bd86{--width:100%;}}<\/style>\t\t<div data-elementor-type=\"wp-page\" data-elementor-id=\"1342\" class=\"elementor elementor-1342\" data-elementor-post-type=\"page\">\n\t\t\t\t<div class=\"elementor-element elementor-element-683936b6 e-flex e-con-boxed e-con e-parent\" data-id=\"683936b6\" data-element_type=\"container\" data-e-type=\"container\" data-settings=\"{&quot;background_background&quot;:&quot;classic&quot;}\">\n\t\t\t\t\t<div class=\"e-con-inner\">\n\t\t<div class=\"elementor-element elementor-element-49d1c096 e-con-full e-flex e-con e-child\" data-id=\"49d1c096\" data-element_type=\"container\" data-e-type=\"container\">\n\t\t<div class=\"elementor-element elementor-element-5978879f e-con-full e-flex e-con e-child\" data-id=\"5978879f\" data-element_type=\"container\" data-e-type=\"container\">\n\t\t\t\t<div class=\"elementor-element elementor-element-637d87a4 animated-slow elementor-invisible elementor-widget elementor-widget-gum_heading\" data-id=\"637d87a4\" data-element_type=\"widget\" data-e-type=\"widget\" data-settings=\"{&quot;_animation&quot;:&quot;fadeIn&quot;}\" data-widget_type=\"gum_heading.default\">\n\t\t\t\t<div class=\"elementor-widget-container\">\n\t\t\t\t\t<div class=\"gum-widget-title\"><h1 class=\"section-main-title size-default\"><a href=\"https:\/\/arrabidaseaventures.com\/en\/faqs\/\">FAQs<\/a><\/h1><\/div>\t\t\t\t<\/div>\n\t\t\t\t<\/div>\n\t\t\t\t<\/div>\n\t\t\t\t<\/div>\n\t\t\t\t\t<\/div>\n\t\t\t\t<\/div>\n\t\t<div class=\"elementor-element elementor-element-7817ead8 e-flex e-con-boxed e-con e-parent\" data-id=\"7817ead8\" data-element_type=\"container\" data-e-type=\"container\">\n\t\t\t\t\t<div class=\"e-con-inner\">\n\t\t<div class=\"elementor-element elementor-element-1e835ae2 e-con-full e-flex e-con e-child\" data-id=\"1e835ae2\" data-element_type=\"container\" data-e-type=\"container\">\n\t\t<div class=\"elementor-element elementor-element-5ee5875 e-con-full e-flex e-con e-child\" data-id=\"5ee5875\" data-element_type=\"container\" data-e-type=\"container\">\n\t\t\t\t<div class=\"elementor-element elementor-element-6812ae70 animated-slow elementor-invisible elementor-widget elementor-widget-heading\" data-id=\"6812ae70\" data-element_type=\"widget\" data-e-type=\"widget\" data-settings=\"{&quot;_animation&quot;:&quot;fadeIn&quot;}\" data-widget_type=\"heading.default\">\n\t\t\t\t\t<div class=\"elementor-heading-title elementor-size-default\">Arr\u00e1bida sea ventures<\/div>\t\t\t\t<\/div>\n\t\t\t\t<div class=\"elementor-element elementor-element-5a2f817 animated-slow elementor-invisible elementor-widget elementor-widget-heading\" data-id=\"5a2f817\" data-element_type=\"widget\" data-e-type=\"widget\" data-settings=\"{&quot;_animation&quot;:&quot;fadeIn&quot;,&quot;_animation_delay&quot;:250}\" data-widget_type=\"heading.default\">\n\t\t\t\t\t<h2 class=\"elementor-heading-title elementor-size-default\">Frequently Asked Questions<\/h2>\t\t\t\t<\/div>\n\t\t\t\t<\/div>\n\t\t<div class=\"elementor-element elementor-element-6070bd86 e-con-full e-flex e-con e-child\" data-id=\"6070bd86\" data-element_type=\"container\" data-e-type=\"container\">\n\t\t\t\t<div class=\"elementor-element elementor-element-53e4f9f9 animated-slow elementor-invisible elementor-widget elementor-widget-n-accordion\" data-id=\"53e4f9f9\" data-element_type=\"widget\" data-e-type=\"widget\" data-settings=\"{&quot;_animation&quot;:&quot;fadeIn&quot;,&quot;default_state&quot;:&quot;all_collapsed&quot;,&quot;max_items_expended&quot;:&quot;one&quot;,&quot;n_accordion_animation_duration&quot;:{&quot;unit&quot;:&quot;ms&quot;,&quot;size&quot;:400,&quot;sizes&quot;:[]}}\" data-widget_type=\"nested-accordion.default\">\n\t\t\t\t\t\t\t<div class=\"e-n-accordion\" aria-label=\"Accordion. Open links with Enter or Space, close with Escape, and navigate with Arrow Keys\">\n\t\t\t\t\t\t<details id=\"e-n-accordion-item-1400\" class=\"e-n-accordion-item\" >\n\t\t\t\t<summary class=\"e-n-accordion-item-title\" data-accordion-index=\"1\" tabindex=\"0\" aria-expanded=\"false\" aria-controls=\"e-n-accordion-item-1400\" >\n\t\t\t\t\t<span class='e-n-accordion-item-title-header'><div class=\"e-n-accordion-item-title-text\"> Is it difficult to choose the right boat for my group? <\/div><\/span>\n\t\t\t\t\t\t\t<span class='e-n-accordion-item-title-icon'>\n\t\t\t<span class='e-opened' ><i aria-hidden=\"true\" class=\"icon icon-minus\"><\/i><\/span>\n\t\t\t<span class='e-closed'><i aria-hidden=\"true\" class=\"icon icon-plus\"><\/i><\/span>\n\t\t<\/span>\n\n\t\t\t\t\t\t<\/summary>\n\t\t\t\t<div role=\"region\" aria-labelledby=\"e-n-accordion-item-1400\" class=\"elementor-element elementor-element-3beab7a0 e-con-full e-flex e-con e-child\" data-id=\"3beab7a0\" data-element_type=\"container\" data-e-type=\"container\">\n\t\t\t\t<div class=\"elementor-element elementor-element-341f8a99 elementor-widget elementor-widget-text-editor\" data-id=\"341f8a99\" data-element_type=\"widget\" data-e-type=\"widget\" data-widget_type=\"text-editor.default\">\n\t\t\t\t\t\t\t\t\t<p>No. I'll do the screening for you and present only the best options.<\/p>\t\t\t\t\t\t\t\t<\/div>\n\t\t\t\t<\/div>\n\t\t\t\t\t<\/details>\n\t\t\t\t\t\t<details id=\"e-n-accordion-item-1401\" class=\"e-n-accordion-item\" >\n\t\t\t\t<summary class=\"e-n-accordion-item-title\" data-accordion-index=\"2\" tabindex=\"-1\" aria-expanded=\"false\" aria-controls=\"e-n-accordion-item-1401\" >\n\t\t\t\t\t<span class='e-n-accordion-item-title-header'><div class=\"e-n-accordion-item-title-text\"> Does the price shown include everything? <\/div><\/span>\n\t\t\t\t\t\t\t<span class='e-n-accordion-item-title-icon'>\n\t\t\t<span class='e-opened' ><i aria-hidden=\"true\" class=\"icon icon-minus\"><\/i><\/span>\n\t\t\t<span class='e-closed'><i aria-hidden=\"true\" class=\"icon icon-plus\"><\/i><\/span>\n\t\t<\/span>\n\n\t\t\t\t\t\t<\/summary>\n\t\t\t\t<div role=\"region\" aria-labelledby=\"e-n-accordion-item-1401\" class=\"elementor-element elementor-element-803b0e e-con-full e-flex e-con e-child\" data-id=\"803b0e\" data-element_type=\"container\" data-e-type=\"container\">\n\t\t\t\t<div class=\"elementor-element elementor-element-4c6dbc6f elementor-widget elementor-widget-text-editor\" data-id=\"4c6dbc6f\" data-element_type=\"widget\" data-e-type=\"widget\" data-widget_type=\"text-editor.default\">\n\t\t\t\t\t\t\t\t\t<p>Yes. I work with complete transparency \u2014 no hidden costs.<\/p>\t\t\t\t\t\t\t\t<\/div>\n\t\t\t\t<\/div>\n\t\t\t\t\t<\/details>\n\t\t\t\t\t<\/div>\n\t\t\t\t\t\t<\/div>\n\t\t\t\t<div class=\"elementor-element elementor-element-3dc08f01 animated-slow elementor-invisible elementor-widget elementor-widget-n-accordion\" data-id=\"3dc08f01\" data-element_type=\"widget\" data-e-type=\"widget\" data-settings=\"{&quot;_animation&quot;:&quot;fadeIn&quot;,&quot;default_state&quot;:&quot;all_collapsed&quot;,&quot;max_items_expended&quot;:&quot;one&quot;,&quot;n_accordion_animation_duration&quot;:{&quot;unit&quot;:&quot;ms&quot;,&quot;size&quot;:400,&quot;sizes&quot;:[]}}\" data-widget_type=\"nested-accordion.default\">\n\t\t\t\t\t\t\t<div class=\"e-n-accordion\" aria-label=\"Accordion. Open links with Enter or Space, close with Escape, and navigate with Arrow Keys\">\n\t\t\t\t\t\t<details id=\"e-n-accordion-item-1030\" class=\"e-n-accordion-item\" >\n\t\t\t\t<summary class=\"e-n-accordion-item-title\" data-accordion-index=\"1\" tabindex=\"0\" aria-expanded=\"false\" aria-controls=\"e-n-accordion-item-1030\" >\n\t\t\t\t\t<span class='e-n-accordion-item-title-header'><div class=\"e-n-accordion-item-title-text\"> Can I speak directly with the operator after booking? <\/div><\/span>\n\t\t\t\t\t\t\t<span class='e-n-accordion-item-title-icon'>\n\t\t\t<span class='e-opened' ><i aria-hidden=\"true\" class=\"icon icon-minus\"><\/i><\/span>\n\t\t\t<span class='e-closed'><i aria-hidden=\"true\" class=\"icon icon-plus\"><\/i><\/span>\n\t\t<\/span>\n\n\t\t\t\t\t\t<\/summary>\n\t\t\t\t<div role=\"region\" aria-labelledby=\"e-n-accordion-item-1030\" class=\"elementor-element elementor-element-5b62eab e-con-full e-flex e-con e-child\" data-id=\"5b62eab\" data-element_type=\"container\" data-e-type=\"container\">\n\t\t\t\t<div class=\"elementor-element elementor-element-5ed7dc7d elementor-widget elementor-widget-text-editor\" data-id=\"5ed7dc7d\" data-element_type=\"widget\" data-e-type=\"widget\" data-widget_type=\"text-editor.default\">\n\t\t\t\t\t\t\t\t\t<p>Yes. Once everything is confirmed, you communicate directly with the operator for maximum speed and clarity.<\/p>\t\t\t\t\t\t\t\t<\/div>\n\t\t\t\t<\/div>\n\t\t\t\t\t<\/details>\n\t\t\t\t\t\t<details id=\"e-n-accordion-item-1031\" class=\"e-n-accordion-item\" >\n\t\t\t\t<summary class=\"e-n-accordion-item-title\" data-accordion-index=\"2\" tabindex=\"-1\" aria-expanded=\"false\" aria-controls=\"e-n-accordion-item-1031\" >\n\t\t\t\t\t<span class='e-n-accordion-item-title-header'><div class=\"e-n-accordion-item-title-text\"> What if the weather isn't perfect? <\/div><\/span>\n\t\t\t\t\t\t\t<span class='e-n-accordion-item-title-icon'>\n\t\t\t<span class='e-opened' ><i aria-hidden=\"true\" class=\"icon icon-minus\"><\/i><\/span>\n\t\t\t<span class='e-closed'><i aria-hidden=\"true\" class=\"icon icon-plus\"><\/i><\/span>\n\t\t<\/span>\n\n\t\t\t\t\t\t<\/summary>\n\t\t\t\t<div role=\"region\" aria-labelledby=\"e-n-accordion-item-1031\" class=\"elementor-element elementor-element-4cd0940f e-con-full e-flex e-con e-child\" data-id=\"4cd0940f\" data-element_type=\"container\" data-e-type=\"container\">\n\t\t\t\t<div class=\"elementor-element elementor-element-55fca640 elementor-widget elementor-widget-text-editor\" data-id=\"55fca640\" data-element_type=\"widget\" data-e-type=\"widget\" data-widget_type=\"text-editor.default\">\n\t\t\t\t\t\t\t\t\t<p>If there is a safety risk, the operator will reschedule or refund. Light rain or cloudy skies do not prevent most tours.<\/p>\t\t\t\t\t\t\t\t<\/div>\n\t\t\t\t<\/div>\n\t\t\t\t\t<\/details>\n\t\t\t\t\t<\/div>\n\t\t\t\t\t\t<\/div>\n\t\t\t\t<\/div>\n\t\t\t\t<\/div>\n\t\t\t\t\t<\/div>\n\t\t\t\t<\/div>\n\t\t\t\t<\/div>","protected":false},"excerpt":{"rendered":"<p>FAQs Arr\u00e1bida sea ventures Perguntas frequentes \u00c9 dif\u00edcil escolher o barco certo para o meu grupo? N\u00e3o. Fa\u00e7o a triagem por ti e apresento apenas as melhores op\u00e7\u00f5es. O pre\u00e7o apresentado inclui tudo? Sim. Trabalhamos com transpar\u00eancia total \u2014 sem custos escondidos. N\u00e3o. Fa\u00e7o a triagem por ti e apresento apenas as melhores op\u00e7\u00f5es. Sim. [&hellip;]<\/p>\n","protected":false},"author":1,"featured_media":0,"parent":0,"menu_order":0,"comment_status":"closed","ping_status":"closed","template":"","meta":{"_acf_changed":false,"footnotes":""},"class_list":["post-1342","page","type-page","status-publish","hentry"],"acf":[],"_links":{"self":[{"href":"https:\/\/arrabidaseaventures.com\/en\/wp-json\/wp\/v2\/pages\/1342","targetHints":{"allow":["GET"]}}],"collection":[{"href":"https:\/\/arrabidaseaventures.com\/en\/wp-json\/wp\/v2\/pages"}],"about":[{"href":"https:\/\/arrabidaseaventures.com\/en\/wp-json\/wp\/v2\/types\/page"}],"author":[{"embeddable":true,"href":"https:\/\/arrabidaseaventures.com\/en\/wp-json\/wp\/v2\/users\/1"}],"replies":[{"embeddable":true,"href":"https:\/\/arrabidaseaventures.com\/en\/wp-json\/wp\/v2\/comments?post=1342"}],"version-history":[{"count":19,"href":"https:\/\/arrabidaseaventures.com\/en\/wp-json\/wp\/v2\/pages\/1342\/revisions"}],"predecessor-version":[{"id":2242,"href":"https:\/\/arrabidaseaventures.com\/en\/wp-json\/wp\/v2\/pages\/1342\/revisions\/2242"}],"wp:attachment":[{"href":"https:\/\/arrabidaseaventures.com\/en\/wp-json\/wp\/v2\/media?parent=1342"}],"curies":[{"name":"wp","href":"https:\/\/api.w.org\/{rel}","templated":true}]}}