{"id":2562,"date":"2026-03-19T14:44:19","date_gmt":"2026-03-19T14:44:19","guid":{"rendered":"https:\/\/arrabidasv.com\/?page_id=2562"},"modified":"2026-03-19T14:57:36","modified_gmt":"2026-03-19T14:57:36","slug":"boat-rental-lisboa","status":"publish","type":"page","link":"https:\/\/arrabidaseaventures.com\/en\/boat-rental-lisboa\/","title":{"rendered":"Alugar Barco em Lisboa"},"content":{"rendered":"<style>.elementor-2562 .elementor-element.elementor-element-ecbf29d{--display:flex;--min-height:280px;--flex-direction:column;--container-widget-width:100%;--container-widget-height:initial;--container-widget-flex-grow:0;--container-widget-align-self:initial;--flex-wrap-mobile:wrap;--overlay-opacity:0.4;}.elementor-2562 .elementor-element.elementor-element-ecbf29d:not(.elementor-motion-effects-element-type-background), .elementor-2562 .elementor-element.elementor-element-ecbf29d > .elementor-motion-effects-container > .elementor-motion-effects-layer{background-image:url(\"https:\/\/arrabidaseaventures.com\/wp-content\/uploads\/2026\/01\/seafoams-trail-left-by-luxury-yacht-sailing-in-adri-5XTA6DU-2.jpg\");background-position:center center;background-size:cover;}.elementor-2562 .elementor-element.elementor-element-ecbf29d::before, .elementor-2562 .elementor-element.elementor-element-ecbf29d > .elementor-background-video-container::before, .elementor-2562 .elementor-element.elementor-element-ecbf29d > .e-con-inner > .elementor-background-video-container::before, .elementor-2562 .elementor-element.elementor-element-ecbf29d > .elementor-background-slideshow::before, .elementor-2562 .elementor-element.elementor-element-ecbf29d > .e-con-inner > .elementor-background-slideshow::before, .elementor-2562 .elementor-element.elementor-element-ecbf29d > .elementor-motion-effects-container > .elementor-motion-effects-layer::before{--background-overlay:'';background-color:#000000;}.elementor-2562 .elementor-element.elementor-element-11be060{--display:flex;--min-height:70vh;--flex-direction:row;--container-widget-width:calc( ( 1 - var( --container-widget-flex-grow ) ) * 100% );--container-widget-height:100%;--container-widget-flex-grow:1;--container-widget-align-self:stretch;--flex-wrap-mobile:wrap;--align-items:stretch;--gap:30px 30px;--row-gap:30px;--column-gap:30px;--padding-top:5%;--padding-bottom:5%;--padding-left:5%;--padding-right:5%;}.elementor-2562 .elementor-element.elementor-element-11be060:not(.elementor-motion-effects-element-type-background), .elementor-2562 .elementor-element.elementor-element-11be060 > .elementor-motion-effects-container > .elementor-motion-effects-layer{background-color:var( --e-global-color-f0369df );}.elementor-2562 .elementor-element.elementor-element-3c8f7df8{--display:flex;--flex-direction:column;--container-widget-width:calc( ( 1 - var( --container-widget-flex-grow ) ) * 100% );--container-widget-height:initial;--container-widget-flex-grow:0;--container-widget-align-self:initial;--flex-wrap-mobile:wrap;--justify-content:flex-start;--align-items:flex-start;--gap:0px 0px;--row-gap:0px;--column-gap:0px;--padding-top:0px;--padding-bottom:0px;--padding-left:0px;--padding-right:0px;}.elementor-2562 .elementor-element.elementor-element-44ec793{text-align:start;padding:0px 0px 0px 0px;}.elementor-2562 .elementor-element.elementor-element-44ec793 .elementor-heading-title{font-family:var( --e-global-typography-accent-font-family ), Sans-serif;font-size:var( --e-global-typography-accent-font-size );font-weight:var( --e-global-typography-accent-font-weight );text-transform:var( --e-global-typography-accent-text-transform );text-decoration:var( --e-global-typography-accent-text-decoration );line-height:var( --e-global-typography-accent-line-height );letter-spacing:var( --e-global-typography-accent-letter-spacing );color:var( --e-global-color-primary );}.elementor-2562 .elementor-element.elementor-element-23a94c1{text-align:start;}.elementor-2562 .elementor-element.elementor-element-23a94c1 .elementor-heading-title{font-family:var( --e-global-typography-secondary-font-family ), Sans-serif;font-size:var( --e-global-typography-secondary-font-size );font-weight:var( --e-global-typography-secondary-font-weight );text-transform:var( --e-global-typography-secondary-text-transform );text-decoration:var( --e-global-typography-secondary-text-decoration );line-height:var( --e-global-typography-secondary-line-height );color:var( --e-global-color-secondary );}.elementor-2562 .elementor-element.elementor-element-6a3cb7c{--spacer-size:50px;}.elementor-2562 .elementor-element.elementor-element-4686acc{text-align:justify;font-family:var( --e-global-typography-text-font-family ), Sans-serif;font-size:var( --e-global-typography-text-font-size );font-weight:var( --e-global-typography-text-font-weight );text-transform:var( --e-global-typography-text-text-transform );text-decoration:var( --e-global-typography-text-text-decoration );line-height:var( --e-global-typography-text-line-height );color:#353434;}.elementor-2562 .elementor-element.elementor-element-ff73ff1{--spacer-size:50px;}.elementor-2562 .elementor-element.elementor-element-44a21b5c .elementor-button{font-family:\"Inter Tight\", Sans-serif;font-size:13px;font-weight:700;text-transform:uppercase;text-decoration:none;line-height:23px;letter-spacing:1.2px;fill:var( --e-global-color-e19c04c );color:var( --e-global-color-e19c04c );background-color:var( --e-global-color-secondary );border-style:solid;border-width:1px 1px 1px 1px;border-color:var( --e-global-color-0011b44 );border-radius:5px 5px 5px 5px;padding:15px 15px 15px 15px;}.elementor-2562 .elementor-element.elementor-element-44a21b5c .elementor-button:hover, .elementor-2562 .elementor-element.elementor-element-44a21b5c .elementor-button:focus{color:var( --e-global-color-0011b44 );background-color:var( --e-global-color-primary );}.elementor-2562 .elementor-element.elementor-element-44a21b5c .elementor-button:hover svg, .elementor-2562 .elementor-element.elementor-element-44a21b5c .elementor-button:focus svg{fill:var( --e-global-color-0011b44 );}.elementor-2562 .elementor-element.elementor-element-3a24b608 img{width:100%;border-style:solid;border-width:5px 5px 5px 5px;border-color:var( --e-global-color-0011b44 );box-shadow:0px 10px 30px 0px rgba(0, 0, 0, 0.1);}.elementor-2562 .elementor-element.elementor-element-3a24b608{width:var( --container-widget-width, 50% );max-width:50%;--container-widget-width:50%;--container-widget-flex-grow:0;}@media(max-width:1024px){.elementor-2562 .elementor-element.elementor-element-11be060{--flex-direction:column;--container-widget-width:100%;--container-widget-height:initial;--container-widget-flex-grow:0;--container-widget-align-self:initial;--flex-wrap-mobile:wrap;--gap:50px 50px;--row-gap:50px;--column-gap:50px;--padding-top:10%;--padding-bottom:10%;--padding-left:5%;--padding-right:5%;}.elementor-2562 .elementor-element.elementor-element-3c8f7df8{--align-items:center;--container-widget-width:calc( ( 1 - var( --container-widget-flex-grow ) ) * 100% );--padding-top:0%;--padding-bottom:0%;--padding-left:10%;--padding-right:10%;}.elementor-2562 .elementor-element.elementor-element-44ec793 .elementor-heading-title{font-size:var( --e-global-typography-accent-font-size );line-height:var( --e-global-typography-accent-line-height );letter-spacing:var( --e-global-typography-accent-letter-spacing );}.elementor-2562 .elementor-element.elementor-element-23a94c1{text-align:start;}.elementor-2562 .elementor-element.elementor-element-23a94c1 .elementor-heading-title{font-size:var( --e-global-typography-secondary-font-size );line-height:var( --e-global-typography-secondary-line-height );}.elementor-2562 .elementor-element.elementor-element-4686acc{text-align:center;font-size:var( --e-global-typography-text-font-size );line-height:var( --e-global-typography-text-line-height );}.elementor-2562 .elementor-element.elementor-element-3a24b608{width:100%;max-width:100%;}}@media(max-width:767px){.elementor-2562 .elementor-element.elementor-element-11be060{--padding-top:15%;--padding-bottom:15%;--padding-left:5%;--padding-right:5%;}.elementor-2562 .elementor-element.elementor-element-3c8f7df8{--padding-top:0px;--padding-bottom:0px;--padding-left:0px;--padding-right:0px;}.elementor-2562 .elementor-element.elementor-element-44ec793 .elementor-heading-title{font-size:var( --e-global-typography-accent-font-size );line-height:var( --e-global-typography-accent-line-height );letter-spacing:var( --e-global-typography-accent-letter-spacing );}.elementor-2562 .elementor-element.elementor-element-44ec793{margin:0px 0px calc(var(--kit-widget-spacing, 0px) + 0px) 0px;padding:0px 0px 0px 0px;}.elementor-2562 .elementor-element.elementor-element-44ec793.elementor-element{--align-self:center;}.elementor-2562 .elementor-element.elementor-element-23a94c1{text-align:center;}.elementor-2562 .elementor-element.elementor-element-23a94c1 .elementor-heading-title{font-size:var( --e-global-typography-secondary-font-size );line-height:var( --e-global-typography-secondary-line-height );}.elementor-2562 .elementor-element.elementor-element-23a94c1.elementor-element{--align-self:center;}.elementor-2562 .elementor-element.elementor-element-4686acc{font-size:var( --e-global-typography-text-font-size );line-height:var( --e-global-typography-text-line-height );}.elementor-2562 .elementor-element.elementor-element-44a21b5c .elementor-button{padding:15px 30px 15px 30px;}}@media(min-width:768px){.elementor-2562 .elementor-element.elementor-element-3c8f7df8{--width:60%;}}@media(max-width:1024px) and (min-width:768px){.elementor-2562 .elementor-element.elementor-element-3c8f7df8{--width:100%;}}<\/style>\t\t<div data-elementor-type=\"wp-page\" data-elementor-id=\"2562\" class=\"elementor elementor-2562\" data-elementor-post-type=\"page\">\n\t\t\t\t<div class=\"elementor-element elementor-element-ecbf29d e-flex e-con-boxed e-con e-parent\" data-id=\"ecbf29d\" data-element_type=\"container\" data-e-type=\"container\" data-settings=\"{&quot;background_background&quot;:&quot;classic&quot;}\">\n\t\t\t\t\t<div class=\"e-con-inner\">\n\t\t\t\t\t<\/div>\n\t\t\t\t<\/div>\n\t\t<div class=\"elementor-element elementor-element-11be060 e-flex e-con-boxed e-con e-parent\" data-id=\"11be060\" data-element_type=\"container\" data-e-type=\"container\" data-settings=\"{&quot;background_background&quot;:&quot;classic&quot;}\">\n\t\t\t\t\t<div class=\"e-con-inner\">\n\t\t<div class=\"elementor-element elementor-element-3c8f7df8 e-con-full e-flex e-con e-child\" data-id=\"3c8f7df8\" data-element_type=\"container\" data-e-type=\"container\">\n\t\t\t\t<div class=\"elementor-element elementor-element-44ec793 animated-slow elementor-invisible elementor-widget elementor-widget-heading\" data-id=\"44ec793\" data-element_type=\"widget\" data-e-type=\"widget\" data-settings=\"{&quot;_animation&quot;:&quot;fadeIn&quot;}\" data-widget_type=\"heading.default\">\n\t\t\t\t\t<div class=\"elementor-heading-title elementor-size-default\">Arr\u00e1bida Sea Ventures<\/div>\t\t\t\t<\/div>\n\t\t\t\t<div class=\"elementor-element elementor-element-23a94c1 animated-slow elementor-invisible elementor-widget elementor-widget-heading\" data-id=\"23a94c1\" data-element_type=\"widget\" data-e-type=\"widget\" data-settings=\"{&quot;_animation&quot;:&quot;fadeIn&quot;,&quot;_animation_delay&quot;:250}\" data-widget_type=\"heading.default\">\n\t\t\t\t\t<h3 class=\"elementor-heading-title elementor-size-default\">Alugar Barco em Lisboa<\/h3>\t\t\t\t<\/div>\n\t\t\t\t<div class=\"elementor-element elementor-element-6a3cb7c elementor-widget elementor-widget-spacer\" data-id=\"6a3cb7c\" data-element_type=\"widget\" data-e-type=\"widget\" data-widget_type=\"spacer.default\">\n\t\t\t\t\t\t\t<div class=\"elementor-spacer\">\n\t\t\t<div class=\"elementor-spacer-inner\"><\/div>\n\t\t<\/div>\n\t\t\t\t\t\t<\/div>\n\t\t\t\t<div class=\"elementor-element elementor-element-4686acc elementor-widget elementor-widget-text-editor\" data-id=\"4686acc\" data-element_type=\"widget\" data-e-type=\"widget\" data-widget_type=\"text-editor.default\">\n\t\t\t\t\t\t\t\t\t<p>Explore Lisboa a partir do rio Tejo com as nossas op\u00e7\u00f5es de aluguer de barcos.<\/p><p><br data-start=\"1947\" data-end=\"1950\" \/>Escolha a embarca\u00e7\u00e3o ideal para um passeio relaxante ou uma experi\u00eancia \u00fanica ao longo da costa.<\/p><p>\u00a0<\/p><p><em><strong>A redirecionar para os barcos dispon\u00edveis\u2026<\/strong><\/em><\/p>\t\t\t\t\t\t\t\t<\/div>\n\t\t\t\t<div class=\"elementor-element elementor-element-ff73ff1 elementor-widget elementor-widget-spacer\" data-id=\"ff73ff1\" data-element_type=\"widget\" data-e-type=\"widget\" data-widget_type=\"spacer.default\">\n\t\t\t\t\t\t\t<div class=\"elementor-spacer\">\n\t\t\t<div class=\"elementor-spacer-inner\"><\/div>\n\t\t<\/div>\n\t\t\t\t\t\t<\/div>\n\t\t\t\t<div class=\"elementor-element elementor-element-44a21b5c elementor-align-center elementor-mobile-align-center elementor-tablet-align-center elementor-widget elementor-widget-button\" data-id=\"44a21b5c\" data-element_type=\"widget\" data-e-type=\"widget\" data-widget_type=\"button.default\">\n\t\t\t\t\t\t\t\t\t\t<a class=\"elementor-button elementor-button-link elementor-size-sm elementor-animation-grow\" href=\"\/en\/barcos\/?local=lisboa\">\n\t\t\t\t\t\t<span class=\"elementor-button-content-wrapper\">\n\t\t\t\t\t\t\t\t\t<span class=\"elementor-button-text\">Ver barcos dispon\u00edveis em Lisboa<\/span>\n\t\t\t\t\t<\/span>\n\t\t\t\t\t<\/a>\n\t\t\t\t\t\t\t\t<\/div>\n\t\t\t\t<div class=\"elementor-element elementor-element-2a147de elementor-widget elementor-widget-html\" data-id=\"2a147de\" data-element_type=\"widget\" data-e-type=\"widget\" data-widget_type=\"html.default\">\n\t\t\t\t\t<script>\nsetTimeout(function() {\n  window.location.href = \"\/barcos\/?local=lisboa\";\n}, 2500);\n<\/script>\t\t\t\t<\/div>\n\t\t\t\t<\/div>\n\t\t\t\t<div class=\"elementor-element elementor-element-3a24b608 elementor-widget__width-initial elementor-widget-tablet__width-inherit elementor-widget elementor-widget-image\" data-id=\"3a24b608\" data-element_type=\"widget\" data-e-type=\"widget\" data-widget_type=\"image.default\">\n\t\t\t\t\t\t\t\t\t\t\t\t\t\t\t<img fetchpriority=\"high\" decoding=\"async\" width=\"800\" height=\"566\" src=\"https:\/\/arrabidaseaventures.com\/wp-content\/uploads\/2026\/02\/Attraversiamo-catamaran-18pax-doca-alcantara-cruising-\u2013-grande-1024x724.jpeg\" class=\"attachment-large size-large wp-image-1195\" alt=\"\" srcset=\"https:\/\/arrabidaseaventures.com\/wp-content\/uploads\/2026\/02\/Attraversiamo-catamaran-18pax-doca-alcantara-cruising-\u2013-grande-1024x724.jpeg 1024w, https:\/\/arrabidaseaventures.com\/wp-content\/uploads\/2026\/02\/Attraversiamo-catamaran-18pax-doca-alcantara-cruising-\u2013-grande-300x212.jpeg 300w, https:\/\/arrabidaseaventures.com\/wp-content\/uploads\/2026\/02\/Attraversiamo-catamaran-18pax-doca-alcantara-cruising-\u2013-grande-768x543.jpeg 768w, https:\/\/arrabidaseaventures.com\/wp-content\/uploads\/2026\/02\/Attraversiamo-catamaran-18pax-doca-alcantara-cruising-\u2013-grande.jpeg 1280w\" sizes=\"(max-width: 800px) 100vw, 800px\" \/>\t\t\t\t\t\t\t\t\t\t\t\t\t\t\t<\/div>\n\t\t\t\t\t<\/div>\n\t\t\t\t<\/div>\n\t\t\t\t<\/div>","protected":false},"excerpt":{"rendered":"<p>Arr\u00e1bida Sea Ventures Alugar Barco em Lisboa Explore Lisboa a partir do rio Tejo com as nossas op\u00e7\u00f5es de aluguer de barcos. Escolha a embarca\u00e7\u00e3o ideal para um passeio relaxante ou uma experi\u00eancia \u00fanica ao longo da costa. \u00a0 A redirecionar para os barcos dispon\u00edveis\u2026 Ver barcos dispon\u00edveis em Lisboa<\/p>","protected":false},"author":1,"featured_media":0,"parent":0,"menu_order":0,"comment_status":"closed","ping_status":"closed","template":"","meta":{"_acf_changed":false,"footnotes":""},"class_list":["post-2562","page","type-page","status-publish","hentry"],"acf":[],"_links":{"self":[{"href":"https:\/\/arrabidaseaventures.com\/en\/wp-json\/wp\/v2\/pages\/2562","targetHints":{"allow":["GET"]}}],"collection":[{"href":"https:\/\/arrabidaseaventures.com\/en\/wp-json\/wp\/v2\/pages"}],"about":[{"href":"https:\/\/arrabidaseaventures.com\/en\/wp-json\/wp\/v2\/types\/page"}],"author":[{"embeddable":true,"href":"https:\/\/arrabidaseaventures.com\/en\/wp-json\/wp\/v2\/users\/1"}],"replies":[{"embeddable":true,"href":"https:\/\/arrabidaseaventures.com\/en\/wp-json\/wp\/v2\/comments?post=2562"}],"version-history":[{"count":19,"href":"https:\/\/arrabidaseaventures.com\/en\/wp-json\/wp\/v2\/pages\/2562\/revisions"}],"predecessor-version":[{"id":2584,"href":"https:\/\/arrabidaseaventures.com\/en\/wp-json\/wp\/v2\/pages\/2562\/revisions\/2584"}],"wp:attachment":[{"href":"https:\/\/arrabidaseaventures.com\/en\/wp-json\/wp\/v2\/media?parent=2562"}],"curies":[{"name":"wp","href":"https:\/\/api.w.org\/{rel}","templated":true}]}}